{"id":1351,"date":"2023-12-10T13:52:15","date_gmt":"2023-12-10T11:52:15","guid":{"rendered":"https:\/\/paroshouse.com\/home3\/"},"modified":"2023-12-11T01:26:04","modified_gmt":"2023-12-10T23:26:04","slug":"home3","status":"publish","type":"page","link":"https:\/\/paroshouse.com\/de\/","title":{"rendered":"Home Page"},"content":{"rendered":"<p>[et_pb_section fb_built=&#8220;1&#8243; _builder_version=&#8220;4.23.1&#8243; _module_preset=&#8220;default&#8220; custom_margin=&#8220;10vw||||false|false&#8220; custom_margin_tablet=&#8220;10vw||||false|false&#8220; custom_margin_phone=&#8220;35vw||||false|false&#8220; custom_margin_last_edited=&#8220;on|phone&#8220; da_disable_devices=&#8220;off|off|off&#8220; global_colors_info=&#8220;{}&#8220; da_is_popup=&#8220;off&#8220; da_exit_intent=&#8220;off&#8220; da_has_close=&#8220;on&#8220; da_alt_close=&#8220;off&#8220; da_dark_close=&#8220;off&#8220; da_not_modal=&#8220;on&#8220; da_is_singular=&#8220;off&#8220; da_with_loader=&#8220;off&#8220; da_has_shadow=&#8220;on&#8220;][et_pb_row _builder_version=&#8220;4.23.1&#8243; _module_preset=&#8220;default&#8220; width=&#8220;60%&#8220; width_tablet=&#8220;60%&#8220; width_phone=&#8220;80%&#8220; width_last_edited=&#8220;on|phone&#8220; max_width=&#8220;100%&#8220; module_alignment=&#8220;center&#8220; custom_margin=&#8220;10px||||false|false&#8220; global_colors_info=&#8220;{}&#8220;][et_pb_column type=&#8220;4_4&#8243; _builder_version=&#8220;4.23.1&#8243; _module_preset=&#8220;default&#8220; global_colors_info=&#8220;{}&#8220;][et_pb_slider show_arrows=&#8220;off&#8220; _builder_version=&#8220;4.23.1&#8243; _module_preset=&#8220;default&#8220; content_max_width=&#8220;100%&#8220; min_height=&#8220;41vw&#8220; custom_padding=&#8220;1%|50%|55%|0%|false|false&#8220; custom_padding_tablet=&#8220;1%||55%|2%|false|false&#8220; custom_padding_phone=&#8220;10%|0px|55%|2%|false|false&#8220; custom_padding_last_edited=&#8220;on|phone&#8220; auto=&#8220;on&#8220; auto_speed=&#8220;5000&#8243; hover_enabled=&#8220;0&#8243; global_colors_info=&#8220;{}&#8220; sticky_enabled=&#8220;0&#8243; body_font_size_last_edited=&#8220;on|phone&#8220; body_font_size_phone=&#8220;13px&#8220;][et_pb_slide content_tablet=&#8220;<\/p>\n<p style=%22text-align: left;%22>Buchen Sie Ihre eigene<br \/>luxuri\u00f6se private Villa in Paros<\/p>\n<p>&#8220; content_phone=&#8220;<\/p>\n<p style=%22text-align: left;%22>Buchen Sie Ihre eigene luxuri\u00f6se private Villa in Paros<\/p>\n<p>&#8220; content_last_edited=&#8220;on|phone&#8220; _builder_version=&#8220;4.23.1&#8243; _module_preset=&#8220;default&#8220; body_font=&#8220;Open Sans|300|||||||&#8220; body_text_align=&#8220;left&#8220; body_text_color=&#8220;#FFFFFF&#8220; body_font_size=&#8220;33px&#8220; body_line_height=&#8220;1.4em&#8220; background_enable_color=&#8220;off&#8220; background_image=&#8220;https:\/\/paroshouse.com\/wp-content\/uploads\/2023\/12\/AndrewBoutsikas_CallistoVillaParos-87-web.jpg&#8220; background_enable_image=&#8220;on&#8220; background_layout=&#8220;light&#8220; hover_enabled=&#8220;0&#8243; global_colors_info=&#8220;{}&#8220; sticky_transition=&#8220;on&#8220; sticky_enabled=&#8220;0&#8243;]<\/p>\n<p style=\"text-align: left;\">Buchen Sie Ihre eigene<br \/>luxuri\u00f6se private Villa in Paros<\/p>\n<p>[\/et_pb_slide][et_pb_slide content_tablet=&#8220;<\/p>\n<p style=%22text-align: left;%22>Buchen Sie Ihre eigene<br \/>luxuri\u00f6se private Villa in Paros<\/p>\n<p>&#8220; content_phone=&#8220;<\/p>\n<p style=%22text-align: left;%22>Buchen Sie Ihre eigene luxuri\u00f6se private Villa in Paros<\/p>\n<p>&#8220; content_last_edited=&#8220;on|phone&#8220; _builder_version=&#8220;4.23.1&#8243; _module_preset=&#8220;default&#8220; body_font=&#8220;Open Sans|300|||||||&#8220; body_text_align=&#8220;left&#8220; body_text_color=&#8220;#FFFFFF&#8220; body_font_size=&#8220;33px&#8220; body_line_height=&#8220;1.4em&#8220; background_enable_color=&#8220;off&#8220; background_image=&#8220;https:\/\/paroshouse.com\/wp-content\/uploads\/2023\/12\/AndrewBoutsikas_CallistoVillaParos-73-web.jpg&#8220; background_enable_image=&#8220;on&#8220; background_layout=&#8220;light&#8220; global_colors_info=&#8220;{}&#8220; sticky_transition=&#8220;on&#8220;]<\/p>\n<p style=\"text-align: left;\">Buchen Sie Ihre eigene<br \/>luxuri\u00f6se private Villa in Paros<\/p>\n<p>[\/et_pb_slide][et_pb_slide content_tablet=&#8220;<\/p>\n<p style=%22text-align: left;%22>Buchen Sie Ihre eigene<br \/>luxuri\u00f6se private Villa in Paros<\/p>\n<p>&#8220; content_phone=&#8220;<\/p>\n<p style=%22text-align: left;%22>Buchen Sie Ihre eigene luxuri\u00f6se private Villa in Paros<\/p>\n<p>&#8220; content_last_edited=&#8220;on|phone&#8220; _builder_version=&#8220;4.23.1&#8243; _module_preset=&#8220;default&#8220; body_font=&#8220;Open Sans|300|||||||&#8220; body_text_align=&#8220;left&#8220; body_text_color=&#8220;#FFFFFF&#8220; body_font_size=&#8220;33px&#8220; body_line_height=&#8220;1.4em&#8220; background_enable_color=&#8220;off&#8220; background_image=&#8220;https:\/\/paroshouse.com\/wp-content\/uploads\/2023\/12\/AndrewBoutsikas_CallistoVillaParos-88-web.jpg&#8220; background_enable_image=&#8220;on&#8220; background_layout=&#8220;light&#8220; background_last_edited=&#8220;off|desktop&#8220; global_colors_info=&#8220;{}&#8220; sticky_transition=&#8220;on&#8220;]<\/p>\n<p style=\"text-align: left;\">Buchen Sie Ihre eigene<br \/>luxuri\u00f6se private Villa in Paros<\/p>\n<p>[\/et_pb_slide][et_pb_slide content_tablet=&#8220;<\/p>\n<p style=%22text-align: left;%22>Buchen Sie Ihre eigene<br \/>luxuri\u00f6se private Villa in Paros<\/p>\n<p>&#8220; content_phone=&#8220;<\/p>\n<p style=%22text-align: left;%22>Buchen Sie Ihre eigene luxuri\u00f6se private Villa in Paros<\/p>\n<p>&#8220; content_last_edited=&#8220;on|phone&#8220; _builder_version=&#8220;4.23.1&#8243; _module_preset=&#8220;default&#8220; body_font=&#8220;Open Sans|300|||||||&#8220; body_text_align=&#8220;left&#8220; body_text_color=&#8220;#FFFFFF&#8220; body_font_size=&#8220;33px&#8220; body_line_height=&#8220;1.4em&#8220; background_enable_color=&#8220;off&#8220; background_image=&#8220;https:\/\/paroshouse.com\/wp-content\/uploads\/2023\/12\/AndrewBoutsikas_CallistoVillaParos-101-web.jpg&#8220; background_enable_image=&#8220;on&#8220; background_layout=&#8220;light&#8220; background_last_edited=&#8220;off|desktop&#8220; global_colors_info=&#8220;{}&#8220; sticky_transition=&#8220;on&#8220;]<\/p>\n<p style=\"text-align: left;\">Buchen Sie Ihre eigene<br \/>luxuri\u00f6se private Villa in Paros<\/p>\n<p>[\/et_pb_slide][et_pb_slide content_tablet=&#8220;<\/p>\n<p style=%22text-align: left;%22>Buchen Sie Ihre eigene<br \/>luxuri\u00f6se private Villa in Paros<\/p>\n<p>&#8220; content_phone=&#8220;<\/p>\n<p style=%22text-align: left;%22>Buchen Sie Ihre eigene luxuri\u00f6se private Villa in Paros<\/p>\n<p>&#8220; content_last_edited=&#8220;on|phone&#8220; _builder_version=&#8220;4.23.1&#8243; _module_preset=&#8220;default&#8220; body_font=&#8220;Open Sans|300|||||||&#8220; body_text_align=&#8220;left&#8220; body_text_color=&#8220;#FFFFFF&#8220; body_font_size=&#8220;33px&#8220; body_line_height=&#8220;1.4em&#8220; background_enable_color=&#8220;off&#8220; background_image=&#8220;https:\/\/paroshouse.com\/wp-content\/uploads\/2023\/12\/AndrewBoutsikas_CallistoVillaParos-98-web.jpg&#8220; background_enable_image=&#8220;on&#8220; background_layout=&#8220;light&#8220; background_last_edited=&#8220;off|desktop&#8220; global_colors_info=&#8220;{}&#8220; sticky_transition=&#8220;on&#8220;]<\/p>\n<p style=\"text-align: left;\">Buchen Sie Ihre eigene<br \/>luxuri\u00f6se private Villa in Paros<\/p>\n<p>[\/et_pb_slide][\/et_pb_slider][\/et_pb_column][\/et_pb_row][et_pb_row column_structure=&#8220;1_3,1_3,1_3&#8243; use_custom_gutter=&#8220;on&#8220; gutter_width=&#8220;2&#8243; _builder_version=&#8220;4.23.1&#8243; _module_preset=&#8220;default&#8220; width=&#8220;60%&#8220; width_tablet=&#8220;60%&#8220; width_phone=&#8220;80%&#8220; width_last_edited=&#8220;on|phone&#8220; max_width=&#8220;100%&#8220; module_alignment=&#8220;center&#8220; custom_margin=&#8220;||||false|false&#8220; custom_padding=&#8220;0px||||false|false&#8220; global_colors_info=&#8220;{}&#8220;][et_pb_column type=&#8220;1_3&#8243; _builder_version=&#8220;4.23.1&#8243; _module_preset=&#8220;default&#8220; global_colors_info=&#8220;{}&#8220;][et_pb_image src=&#8220;https:\/\/paroshouse.com\/wp-content\/uploads\/2023\/12\/AndrewBoutsikas_CallistoVillaParos-4-web.jpg&#8220; title_text=&#8220;AndrewBoutsikas_CallistoVillaParos-4-web&#8220; show_in_lightbox=&#8220;on&#8220; _builder_version=&#8220;4.23.1&#8243; _module_preset=&#8220;default&#8220; global_colors_info=&#8220;{}&#8220;][\/et_pb_image][\/et_pb_column][et_pb_column type=&#8220;1_3&#8243; _builder_version=&#8220;4.23.1&#8243; _module_preset=&#8220;default&#8220; global_colors_info=&#8220;{}&#8220;][et_pb_image src=&#8220;https:\/\/paroshouse.com\/wp-content\/uploads\/2023\/12\/AndrewBoutsikas_CallistoVillaParos-85-web.jpg&#8220; title_text=&#8220;AndrewBoutsikas_CallistoVillaParos-85-web&#8220; show_in_lightbox=&#8220;on&#8220; _builder_version=&#8220;4.23.1&#8243; _module_preset=&#8220;default&#8220; global_colors_info=&#8220;{}&#8220;][\/et_pb_image][\/et_pb_column][et_pb_column type=&#8220;1_3&#8243; _builder_version=&#8220;4.23.1&#8243; _module_preset=&#8220;default&#8220; global_colors_info=&#8220;{}&#8220;][et_pb_image src=&#8220;https:\/\/paroshouse.com\/wp-content\/uploads\/2023\/12\/AndrewBoutsikas_CallistoVillaParos-10-web.jpg&#8220; title_text=&#8220;AndrewBoutsikas_CallistoVillaParos-10-web&#8220; show_in_lightbox=&#8220;on&#8220; _builder_version=&#8220;4.23.1&#8243; _module_preset=&#8220;default&#8220; global_colors_info=&#8220;{}&#8220;][\/et_pb_image][\/et_pb_column][\/et_pb_row][et_pb_row column_structure=&#8220;1_3,1_3,1_3&#8243; use_custom_gutter=&#8220;on&#8220; gutter_width=&#8220;2&#8243; _builder_version=&#8220;4.23.1&#8243; _module_preset=&#8220;default&#8220; width=&#8220;60%&#8220; width_tablet=&#8220;60%&#8220; width_phone=&#8220;80%&#8220; width_last_edited=&#8220;on|phone&#8220; max_width=&#8220;100%&#8220; module_alignment=&#8220;center&#8220; custom_margin=&#8220;||||false|false&#8220; custom_padding=&#8220;0px||||false|false&#8220; global_colors_info=&#8220;{}&#8220;][et_pb_column type=&#8220;1_3&#8243; _builder_version=&#8220;4.23.1&#8243; _module_preset=&#8220;default&#8220; global_colors_info=&#8220;{}&#8220;][et_pb_image src=&#8220;https:\/\/paroshouse.com\/wp-content\/uploads\/2023\/12\/AndrewBoutsikas_CallistoVillaParos-6-web.jpg&#8220; title_text=&#8220;AndrewBoutsikas_CallistoVillaParos-6-web&#8220; show_in_lightbox=&#8220;on&#8220; _builder_version=&#8220;4.23.1&#8243; _module_preset=&#8220;default&#8220; global_colors_info=&#8220;{}&#8220;][\/et_pb_image][\/et_pb_column][et_pb_column type=&#8220;1_3&#8243; _builder_version=&#8220;4.23.1&#8243; _module_preset=&#8220;default&#8220; global_colors_info=&#8220;{}&#8220;][et_pb_image src=&#8220;https:\/\/paroshouse.com\/wp-content\/uploads\/2023\/12\/AndrewBoutsikas_CallistoVillaParos-78-web.jpg&#8220; title_text=&#8220;AndrewBoutsikas_CallistoVillaParos-78-web&#8220; show_in_lightbox=&#8220;on&#8220; _builder_version=&#8220;4.23.1&#8243; _module_preset=&#8220;default&#8220; global_colors_info=&#8220;{}&#8220;][\/et_pb_image][\/et_pb_column][et_pb_column type=&#8220;1_3&#8243; _builder_version=&#8220;4.23.1&#8243; _module_preset=&#8220;default&#8220; global_colors_info=&#8220;{}&#8220;][et_pb_image src=&#8220;https:\/\/paroshouse.com\/wp-content\/uploads\/2023\/12\/AndrewBoutsikas_CallistoVillaParos-5-web.jpg&#8220; title_text=&#8220;AndrewBoutsikas_CallistoVillaParos-5-web&#8220; show_in_lightbox=&#8220;on&#8220; _builder_version=&#8220;4.23.1&#8243; _module_preset=&#8220;default&#8220; global_colors_info=&#8220;{}&#8220;][\/et_pb_image][\/et_pb_column][\/et_pb_row][et_pb_row _builder_version=&#8220;4.23.1&#8243; _module_preset=&#8220;default&#8220; width=&#8220;60%&#8220; global_colors_info=&#8220;{}&#8220;][et_pb_column type=&#8220;4_4&#8243; _builder_version=&#8220;4.23.1&#8243; _module_preset=&#8220;default&#8220; global_colors_info=&#8220;{}&#8220;][et_pb_button button_url=&#8220;https:\/\/paroshouse.com\/book-now\/&#8220; button_text=&#8220;Verf\u00fcgbarkeit pr\u00fcfen&#8220; button_alignment=&#8220;center&#8220; _builder_version=&#8220;4.23.1&#8243; _module_preset=&#8220;default&#8220; custom_button=&#8220;on&#8220; button_text_color=&#8220;#FFFFFF&#8220; button_bg_color=&#8220;#6B9AC3&#8243; button_font=&#8220;|||on|||||&#8220; global_colors_info=&#8220;{}&#8220;][\/et_pb_button][\/et_pb_column][\/et_pb_row][\/et_pb_section]<\/p>\n","protected":false},"excerpt":{"rendered":"<p>Buchen Sie Ihre eigeneluxuri\u00f6se private Villa in ParosBuchen Sie Ihre eigeneluxuri\u00f6se private Villa in ParosBuchen Sie Ihre eigeneluxuri\u00f6se private Villa in ParosBuchen Sie Ihre eigeneluxuri\u00f6se private Villa in ParosBuchen Sie Ihre eigeneluxuri\u00f6se private Villa in Paros<\/p>\n","protected":false},"author":3,"featured_media":0,"parent":0,"menu_order":0,"comment_status":"closed","ping_status":"closed","template":"","meta":{"_et_pb_use_builder":"on","_et_pb_old_content":"","_et_gb_content_width":"","footnotes":""},"class_list":["post-1351","page","type-page","status-publish","hentry"],"_links":{"self":[{"href":"https:\/\/paroshouse.com\/de\/wp-json\/wp\/v2\/pages\/1351","targetHints":{"allow":["GET"]}}],"collection":[{"href":"https:\/\/paroshouse.com\/de\/wp-json\/wp\/v2\/pages"}],"about":[{"href":"https:\/\/paroshouse.com\/de\/wp-json\/wp\/v2\/types\/page"}],"author":[{"embeddable":true,"href":"https:\/\/paroshouse.com\/de\/wp-json\/wp\/v2\/users\/3"}],"replies":[{"embeddable":true,"href":"https:\/\/paroshouse.com\/de\/wp-json\/wp\/v2\/comments?post=1351"}],"version-history":[{"count":5,"href":"https:\/\/paroshouse.com\/de\/wp-json\/wp\/v2\/pages\/1351\/revisions"}],"predecessor-version":[{"id":1383,"href":"https:\/\/paroshouse.com\/de\/wp-json\/wp\/v2\/pages\/1351\/revisions\/1383"}],"wp:attachment":[{"href":"https:\/\/paroshouse.com\/de\/wp-json\/wp\/v2\/media?parent=1351"}],"curies":[{"name":"wp","href":"https:\/\/api.w.org\/{rel}","templated":true}]}}