{"id":397,"date":"2022-07-17T15:53:14","date_gmt":"2022-07-17T12:53:14","guid":{"rendered":"https:\/\/ph.demosite.dool.agency\/sightseeing\/"},"modified":"2023-12-10T23:29:12","modified_gmt":"2023-12-10T21:29:12","slug":"sightseeing","status":"publish","type":"page","link":"https:\/\/paroshouse.com\/de\/sightseeing\/","title":{"rendered":"Besichtigung"},"content":{"rendered":"<p>[et_pb_section fb_built=&#8220;1&#8243; _builder_version=&#8220;4.23.1&#8243; _module_preset=&#8220;default&#8220; background_enable_color=&#8220;off&#8220; background_enable_image=&#8220;off&#8220; background_blend=&#8220;soft-light&#8220; background_video_mp4=&#8220;https:\/\/dool.s3.eu-west-1.amazonaws.com\/3.mp4&#8243; background_video_width=&#8220;100%&#8220; min_height=&#8220;60vh&#8220; custom_margin=&#8220;10vw|11vw||11vw|false|true&#8220; hover_enabled=&#8220;0&#8243; da_disable_devices=&#8220;off|off|off&#8220; global_colors_info=&#8220;{}&#8220; custom_margin_last_edited=&#8220;on|phone&#8220; custom_margin_phone=&#8220;35vw|6vw||6vw|false|true&#8220; sticky_enabled=&#8220;0&#8243; da_is_popup=&#8220;off&#8220; da_exit_intent=&#8220;off&#8220; da_has_close=&#8220;on&#8220; da_alt_close=&#8220;off&#8220; da_dark_close=&#8220;off&#8220; da_not_modal=&#8220;on&#8220; da_is_singular=&#8220;off&#8220; da_with_loader=&#8220;off&#8220; da_has_shadow=&#8220;on&#8220; custom_margin_tablet=&#8220;10vw|11vw||11vw|false|true&#8220;][et_pb_row column_structure=&#8220;1_2,1_2&#8243; _builder_version=&#8220;4.17.4&#8243; _module_preset=&#8220;default&#8220; width=&#8220;90%&#8220; max_width=&#8220;100%&#8220; custom_padding=&#8220;10vh||||false|false&#8220; global_colors_info=&#8220;{}&#8220;][et_pb_column type=&#8220;1_2&#8243; _builder_version=&#8220;4.17.4&#8243; _module_preset=&#8220;default&#8220; global_colors_info=&#8220;{}&#8220;][et_pb_text _builder_version=&#8220;4.23.1&#8243; _module_preset=&#8220;default&#8220; header_font=&#8220;Poppins|300|||||||&#8220; header_text_color=&#8220;#00203D&#8220; header_font_size=&#8220;60px&#8220; header_2_font=&#8220;Poppins|||on|||||&#8220; header_2_text_color=&#8220;#00203D&#8220; header_2_font_size=&#8220;30px&#8220; background_color=&#8220;#FFFFFF&#8220; width=&#8220;100%&#8220; width_tablet=&#8220;69%&#8220; width_phone=&#8220;100%&#8220; width_last_edited=&#8220;on|desktop&#8220; custom_padding=&#8220;30px||30px|30px|true|false&#8220; hover_enabled=&#8220;0&#8243; header_font_size_tablet=&#8220;60px&#8220; header_font_size_phone=&#8220;34px&#8220; header_font_size_last_edited=&#8220;on|phone&#8220; global_colors_info=&#8220;{}&#8220; sticky_enabled=&#8220;0&#8243;]<\/p>\n<h2>Lernen Sie Paros kennen<\/h2>\n<h1><strong>Seightseeing<\/strong><\/h1>\n<p>[\/et_pb_text][\/et_pb_column][et_pb_column type=&#8220;1_2&#8243; _builder_version=&#8220;4.17.4&#8243; _module_preset=&#8220;default&#8220; global_colors_info=&#8220;{}&#8220;][\/et_pb_column][\/et_pb_row][\/et_pb_section][et_pb_section fb_built=&#8220;1&#8243; _builder_version=&#8220;4.17.4&#8243; _module_preset=&#8220;default&#8220; min_height=&#8220;70vh&#8220; da_disable_devices=&#8220;off|off|off&#8220; global_colors_info=&#8220;{}&#8220; da_is_popup=&#8220;off&#8220; da_exit_intent=&#8220;off&#8220; da_has_close=&#8220;on&#8220; da_alt_close=&#8220;off&#8220; da_dark_close=&#8220;off&#8220; da_not_modal=&#8220;on&#8220; da_is_singular=&#8220;off&#8220; da_with_loader=&#8220;off&#8220; da_has_shadow=&#8220;on&#8220;][et_pb_row _builder_version=&#8220;4.17.4&#8243; _module_preset=&#8220;default&#8220; global_colors_info=&#8220;{}&#8220;][et_pb_column type=&#8220;4_4&#8243; _builder_version=&#8220;4.17.4&#8243; _module_preset=&#8220;default&#8220; global_colors_info=&#8220;{}&#8220;][et_pb_text _builder_version=&#8220;4.17.4&#8243; _module_preset=&#8220;default&#8220; text_font=&#8220;Poppins|300|||||||&#8220; text_font_size=&#8220;25px&#8220; text_line_height=&#8220;1.4em&#8220; header_font=&#8220;Poppins|600|||||||&#8220; header_font_size=&#8220;50px&#8220; global_colors_info=&#8220;{}&#8220;]<\/p>\n<h1>Genie\u00dfen Sie Paros<\/h1>\n<p>&nbsp;<\/p>\n<p>Schlendern Sie durch wundersch\u00f6ne traditionelle D\u00f6rfer wie Naoussa, ein farbenfrohes Dorf, in dem die Ruinen einer venezianischen Festung am Eingang zu seinem kleinen Hafen stehen.<\/p>\n<p>[\/et_pb_text][\/et_pb_column][\/et_pb_row][et_pb_row _builder_version=&#8220;4.17.4&#8243; _module_preset=&#8220;default&#8220; global_colors_info=&#8220;{}&#8220;][et_pb_column type=&#8220;4_4&#8243; _builder_version=&#8220;4.17.4&#8243; _module_preset=&#8220;default&#8220; global_colors_info=&#8220;{}&#8220;][et_pb_gallery gallery_ids=&#8220;1150,1151,1152,1153,1155,1156,1157,1158&#8243; gallery_orderby=&#8220;rand&#8220; fullwidth=&#8220;on&#8220; _builder_version=&#8220;4.20.0&#8243; _module_preset=&#8220;default&#8220; auto=&#8220;on&#8220; auto_speed=&#8220;3000&#8243; border_radii=&#8220;on|8px|8px|8px|8px&#8220; global_colors_info=&#8220;{}&#8220;][\/et_pb_gallery][\/et_pb_column][\/et_pb_row][et_pb_row column_structure=&#8220;1_2,1_4,1_4&#8243; _builder_version=&#8220;4.17.4&#8243; _module_preset=&#8220;default&#8220; custom_padding=&#8220;65px||65px||true|&#8220; global_colors_info=&#8220;{}&#8220;][et_pb_column type=&#8220;1_2&#8243; _builder_version=&#8220;4.17.4&#8243; _module_preset=&#8220;default&#8220; global_colors_info=&#8220;{}&#8220;][et_pb_video src=&#8220;https:\/\/doolfiles.s3-eu-west-2.amazonaws.com\/20220905_125149.mp4&#8243; _builder_version=&#8220;4.20.0&#8243; _module_preset=&#8220;default&#8220; global_colors_info=&#8220;{}&#8220;][\/et_pb_video][\/et_pb_column][et_pb_column type=&#8220;1_4&#8243; _builder_version=&#8220;4.17.4&#8243; _module_preset=&#8220;default&#8220; global_colors_info=&#8220;{}&#8220;][et_pb_text _builder_version=&#8220;4.17.4&#8243; _module_preset=&#8220;default&#8220; text_font=&#8220;Poppins|300|||||||&#8220; global_colors_info=&#8220;{}&#8220;]<\/p>\n<p><span>Das Arch\u00e4ologische Museum zeigt Exponate aus den Denkm\u00e4lern der Insel (wie das Heiligtum von Asklipios und Pythios Apollonas, Delion usw.), darunter einen Teil der \u201eParian Chronicle\u201c, einer chronologischen Tabelle des 3. Jahrhunderts v. Chr. mit Hinweisen auf wichtige Ereignisse und Pers\u00f6nlichkeiten von Antike.<\/span><\/p>\n<p>&nbsp;<\/p>\n<p>[\/et_pb_text][\/et_pb_column][et_pb_column type=&#8220;1_4&#8243; _builder_version=&#8220;4.17.4&#8243; _module_preset=&#8220;default&#8220; global_colors_info=&#8220;{}&#8220;][et_pb_text _builder_version=&#8220;4.17.4&#8243; _module_preset=&#8220;default&#8220; text_font=&#8220;Poppins|300|||||||&#8220; global_colors_info=&#8220;{}&#8220;]<\/p>\n<p><span>Die Marmorbr\u00fcche in Marathi, wo fr\u00fcher der ber\u00fchmte parische Marmor abgebaut wurde, waren vom 3. Jahrtausend v. Chr. bis ins 19. Jahrhundert in Betrieb. Die Stollen sowie Reste von Industriebauten aus dem 19. Jahrhundert sind noch erhalten und k\u00f6nnen besichtigt werden!<\/span><\/p>\n<p>[\/et_pb_text][\/et_pb_column][\/et_pb_row][et_pb_row column_structure=&#8220;1_2,1_2&#8243; _builder_version=&#8220;4.17.4&#8243; _module_preset=&#8220;default&#8220; global_colors_info=&#8220;{}&#8220;][et_pb_column type=&#8220;1_2&#8243; _builder_version=&#8220;4.17.4&#8243; _module_preset=&#8220;default&#8220; global_colors_info=&#8220;{}&#8220;][et_pb_text _builder_version=&#8220;4.17.4&#8243; _module_preset=&#8220;default&#8220; text_font=&#8220;Poppins|300|||||||&#8220; global_colors_info=&#8220;{}&#8220;]<\/p>\n<p><span>Lefkes liegt am h\u00f6chsten Punkt von Paros und bietet einen atemberaubenden Blick auf die Insel. Das Dorf liegt in den Bergen und ist von einer sattgr\u00fcnen Landschaft umgeben. Es hat sehr gut erhaltene kykladische und neoklassizistische Geb\u00e4ude, sch\u00f6ne Pl\u00e4tze und enge Marmorgassen. Das Museum der \u00e4g\u00e4ischen Volkskultur in Lefkes bietet einen Rundgang durch die Kultur des Archipels; Entdecken Sie die \u00e4g\u00e4ische Welt durch seine Exponate, darunter St\u00fccke zur Architektur, zum traditionellen Handwerk und zur Geologie der Inseln.<\/span><\/p>\n<p><span>Marpissa, gegr\u00fcndet im 15. Jahrhundert, ist ein traditionelles Dorf mit einem unverwechselbaren mittelalterlichen Charakter. Es liegt auf einem H\u00fcgel, nur wenige Kilometer von den ber\u00fchmten Str\u00e4nden von Logaras und Piso Livadi entfernt. Besuchen Sie auch das beeindruckende Kloster Agios Antonios (17. Jahrhundert) auf dem H\u00fcgel von Kefalos, wo die Ruinen einer venezianischen Burg aus dem 15. Jahrhundert stehen, und genie\u00dfen Sie einen herrlichen Blick auf das Meer. Petaloudes ist ein Gebiet von atemberaubender Sch\u00f6nheit in der N\u00e4he des Dorfes Psychopiana. Der Lebensraum ist reich an Vegetation und flie\u00dfendem Wasser, mit hohen Platanen, Lorbeerb\u00e4umen, wilden Olivenb\u00e4umen und mit Efeu bedeckten Johannisbrotb\u00e4umen, die die Schmetterlingsart Panaxia quadripunctaria beherbergen.<\/span><\/p>\n<p>[\/et_pb_text][\/et_pb_column][et_pb_column type=&#8220;1_2&#8243; _builder_version=&#8220;4.17.4&#8243; _module_preset=&#8220;default&#8220; global_colors_info=&#8220;{}&#8220;][et_pb_video src=&#8220;https:\/\/doolfiles.s3-eu-west-2.amazonaws.com\/20220806_224751.mp4&#8243; _builder_version=&#8220;4.20.0&#8243; _module_preset=&#8220;default&#8220; global_colors_info=&#8220;{}&#8220;][\/et_pb_video][\/et_pb_column][\/et_pb_row][et_pb_row _builder_version=&#8220;4.17.4&#8243; _module_preset=&#8220;default&#8220; global_colors_info=&#8220;{}&#8220;][et_pb_column type=&#8220;4_4&#8243; _builder_version=&#8220;4.17.4&#8243; _module_preset=&#8220;default&#8220; global_colors_info=&#8220;{}&#8220;][et_pb_image src=&#8220;https:\/\/paroshouse.com\/wp-content\/uploads\/2022\/12\/134-DSC_5208-scaled.jpg&#8220; title_text=&#8220;134-DSC_5208&#8243; _builder_version=&#8220;4.18.0&#8243; _module_preset=&#8220;default&#8220; global_colors_info=&#8220;{}&#8220;][\/et_pb_image][\/et_pb_column][\/et_pb_row][\/et_pb_section][et_pb_section fb_built=&#8220;1&#8243; _builder_version=&#8220;4.17.4&#8243; _module_preset=&#8220;default&#8220; background_video_mp4=&#8220;https:\/\/dool.s3.eu-west-1.amazonaws.com\/2.mp4&#8243; background_video_width=&#8220;100%&#8220; min_height=&#8220;60vh&#8220; da_disable_devices=&#8220;off|off|off&#8220; global_colors_info=&#8220;{}&#8220; da_is_popup=&#8220;off&#8220; da_exit_intent=&#8220;off&#8220; da_has_close=&#8220;on&#8220; da_alt_close=&#8220;off&#8220; da_dark_close=&#8220;off&#8220; da_not_modal=&#8220;on&#8220; da_is_singular=&#8220;off&#8220; da_with_loader=&#8220;off&#8220; da_has_shadow=&#8220;on&#8220;][et_pb_row _builder_version=&#8220;4.17.4&#8243; _module_preset=&#8220;default&#8220; global_colors_info=&#8220;{}&#8220;][et_pb_column type=&#8220;4_4&#8243; _builder_version=&#8220;4.17.4&#8243; _module_preset=&#8220;default&#8220; global_colors_info=&#8220;{}&#8220;][et_pb_text _builder_version=&#8220;4.17.4&#8243; _module_preset=&#8220;default&#8220; text_font=&#8220;Poppins||||||||&#8220; text_font_size=&#8220;16px&#8220; header_font=&#8220;||||||||&#8220; header_font_size=&#8220;39px&#8220; text_orientation=&#8220;center&#8220; background_layout=&#8220;dark&#8220; custom_padding=&#8220;20vh||||false|false&#8220; global_colors_info=&#8220;{}&#8220;]<\/p>\n<h1>Lebe diesen Sommer in Paros<\/h1>\n<p>Teilen Sie unvergessliche Momente mit Ihrer Familie und Freunden<\/p>\n<p>[\/et_pb_text][\/et_pb_column][\/et_pb_row][\/et_pb_section][et_pb_section fb_built=&#8220;1&#8243; _builder_version=&#8220;4.17.4&#8243; _module_preset=&#8220;default&#8220; da_disable_devices=&#8220;off|off|off&#8220; global_colors_info=&#8220;{}&#8220; da_is_popup=&#8220;off&#8220; da_exit_intent=&#8220;off&#8220; da_has_close=&#8220;on&#8220; da_alt_close=&#8220;off&#8220; da_dark_close=&#8220;off&#8220; da_not_modal=&#8220;on&#8220; da_is_singular=&#8220;off&#8220; da_with_loader=&#8220;off&#8220; da_has_shadow=&#8220;on&#8220;][et_pb_row column_structure=&#8220;1_4,1_4,1_2&#8243; make_equal=&#8220;on&#8220; _builder_version=&#8220;4.18.0&#8243; _module_preset=&#8220;default&#8220; global_colors_info=&#8220;{}&#8220;][et_pb_column type=&#8220;1_4&#8243; _builder_version=&#8220;4.17.4&#8243; _module_preset=&#8220;default&#8220; global_colors_info=&#8220;{}&#8220;][et_pb_text _builder_version=&#8220;4.18.0&#8243; _module_preset=&#8220;default&#8220; text_font=&#8220;Poppins|300|||||||&#8220; header_font=&#8220;Poppins||||||||&#8220; header_text_color=&#8220;#00203D&#8220; header_font_size=&#8220;35px&#8220; header_line_height=&#8220;1.2em&#8220; global_colors_info=&#8220;{}&#8220;]<\/p>\n<h1><span>Goldener Strand<\/span><\/h1>\n<p><span><\/span><\/p>\n<p>700 Meter langer Strand im S\u00fcdosten der Insel Paros, Griechenland. Seinen Namen hat er vom feinen Sand, der Glaselemente enth\u00e4lt und bei Sonnenschein f\u00fcr einen funkelnden Effekt sorgt.<\/p>\n<p>&nbsp;<\/p>\n<p>[\/et_pb_text][\/et_pb_column][et_pb_column type=&#8220;1_4&#8243; _builder_version=&#8220;4.17.4&#8243; _module_preset=&#8220;default&#8220; global_colors_info=&#8220;{}&#8220;][et_pb_text _builder_version=&#8220;4.18.0&#8243; _module_preset=&#8220;default&#8220; text_font=&#8220;Poppins|300|||||||&#8220; header_font=&#8220;Poppins||||||||&#8220; z_index=&#8220;295&#8243; global_colors_info=&#8220;{}&#8220;]<\/p>\n<p>ist aufgrund der windigen Bedingungen innerhalb und au\u00dferhalb der kleinen Bucht zu einem beliebten Ziel f\u00fcr Windsurfer und Kitesurfer aus der ganzen Welt geworden. Der Strand wurde wie viele andere griechische Str\u00e4nde mit der blauen Flagge ausgezeichnet. Auf der anderen Seite des Strandes liegt die kleine unbewohnte Insel Drionisi, die nur mit dem Boot zu erreichen ist.<\/p>\n<p>&nbsp;<\/p>\n<p>[\/et_pb_text][\/et_pb_column][et_pb_column type=&#8220;1_2&#8243; disabled_on=&#8220;on|on|off&#8220; _builder_version=&#8220;4.18.0&#8243; _module_preset=&#8220;default&#8220; background_image=&#8220;https:\/\/paroshouse.com\/wp-content\/uploads\/2022\/07\/IMG_4275-scaled-1.jpg&#8220; background_enable_mask_style=&#8220;on&#8220; background_mask_style=&#8220;paint&#8220; background_mask_aspect_ratio=&#8220;portrait&#8220; transform_scale=&#8220;148%|148%&#8220; vertical_offset=&#8220;15px&#8220; horizontal_offset=&#8220;-137px&#8220; z_index=&#8220;0&#8243; global_colors_info=&#8220;{}&#8220;][\/et_pb_column][\/et_pb_row][\/et_pb_section][et_pb_section fb_built=&#8220;1&#8243; _builder_version=&#8220;4.18.0&#8243; _module_preset=&#8220;default&#8220; background_color=&#8220;#FFFFFF&#8220; background_enable_pattern_style=&#8220;on&#8220; background_pattern_style=&#8220;squares&#8220; background_pattern_color=&#8220;rgba(0,0,0,0.04)&#8220; top_divider_height=&#8220;30px&#8220; da_disable_devices=&#8220;off|off|off&#8220; global_colors_info=&#8220;{}&#8220; da_is_popup=&#8220;off&#8220; da_exit_intent=&#8220;off&#8220; da_has_close=&#8220;on&#8220; da_alt_close=&#8220;off&#8220; da_dark_close=&#8220;off&#8220; da_not_modal=&#8220;on&#8220; da_is_singular=&#8220;off&#8220; da_with_loader=&#8220;off&#8220; da_has_shadow=&#8220;on&#8220;][et_pb_row _builder_version=&#8220;4.17.4&#8243; _module_preset=&#8220;default&#8220; global_colors_info=&#8220;{}&#8220;][et_pb_column type=&#8220;4_4&#8243; _builder_version=&#8220;4.17.4&#8243; _module_preset=&#8220;default&#8220; global_colors_info=&#8220;{}&#8220;][et_pb_text _builder_version=&#8220;4.18.0&#8243; _module_preset=&#8220;default&#8220; text_font=&#8220;Poppins|300|||||||&#8220; text_text_color=&#8220;#00203D&#8220; text_font_size=&#8220;19px&#8220; header_font=&#8220;Poppins|600|||||||&#8220; header_text_align=&#8220;center&#8220; header_text_color=&#8220;#00203D&#8220; header_font_size=&#8220;39px&#8220; text_orientation=&#8220;center&#8220; global_colors_info=&#8220;{}&#8220;]<\/p>\n<h1>Genie\u00dfen Sie Paros in unserer modernen Villa<\/h1>\n<p>Absolute Privatsph\u00e4re mit Meerblick, einfacher Zugang und gro\u00dfe Zimmer.<\/p>\n<p>[\/et_pb_text][et_pb_button button_url=&#8220;https:\/\/paroshouse.com\/book-now\/&#8220; button_text=&#8220;Jetzt Verf\u00fcgbarkeit pr\u00fcfen&#8220; button_alignment=&#8220;center&#8220; _builder_version=&#8220;4.23.1&#8243; _module_preset=&#8220;default&#8220; custom_button=&#8220;on&#8220; button_text_color=&#8220;#FFFFFF&#8220; button_bg_color=&#8220;#6B9AC3&#8243; button_border_color=&#8220;#6B9AC3&#8243; button_border_radius=&#8220;100px&#8220; button_font=&#8220;|||on|||||&#8220; global_colors_info=&#8220;{}&#8220;][\/et_pb_button][\/et_pb_column][\/et_pb_row][\/et_pb_section]<\/p>\n","protected":false},"excerpt":{"rendered":"<p>Lernen Sie Paros kennen SeightseeingGenie\u00dfen Sie Paros &nbsp; Schlendern Sie durch wundersch\u00f6ne traditionelle D\u00f6rfer wie Naoussa, ein farbenfrohes Dorf, in dem die Ruinen einer venezianischen Festung am Eingang zu seinem kleinen Hafen stehen.Das Arch\u00e4ologische Museum zeigt Exponate aus den Denkm\u00e4lern der Insel (wie das Heiligtum von Asklipios und Pythios Apollonas, Delion usw.), darunter einen Teil [&hellip;]<\/p>\n","protected":false},"author":1,"featured_media":0,"parent":0,"menu_order":0,"comment_status":"closed","ping_status":"closed","template":"","meta":{"_et_pb_use_builder":"on","_et_pb_old_content":"","_et_gb_content_width":"","footnotes":""},"class_list":["post-397","page","type-page","status-publish","hentry"],"_links":{"self":[{"href":"https:\/\/paroshouse.com\/de\/wp-json\/wp\/v2\/pages\/397","targetHints":{"allow":["GET"]}}],"collection":[{"href":"https:\/\/paroshouse.com\/de\/wp-json\/wp\/v2\/pages"}],"about":[{"href":"https:\/\/paroshouse.com\/de\/wp-json\/wp\/v2\/types\/page"}],"author":[{"embeddable":true,"href":"https:\/\/paroshouse.com\/de\/wp-json\/wp\/v2\/users\/1"}],"replies":[{"embeddable":true,"href":"https:\/\/paroshouse.com\/de\/wp-json\/wp\/v2\/comments?post=397"}],"version-history":[{"count":7,"href":"https:\/\/paroshouse.com\/de\/wp-json\/wp\/v2\/pages\/397\/revisions"}],"predecessor-version":[{"id":1338,"href":"https:\/\/paroshouse.com\/de\/wp-json\/wp\/v2\/pages\/397\/revisions\/1338"}],"wp:attachment":[{"href":"https:\/\/paroshouse.com\/de\/wp-json\/wp\/v2\/media?parent=397"}],"curies":[{"name":"wp","href":"https:\/\/api.w.org\/{rel}","templated":true}]}}