{"id":401,"date":"2022-07-17T15:53:14","date_gmt":"2022-07-17T12:53:14","guid":{"rendered":"https:\/\/ph.demosite.dool.agency\/sightseeing\/"},"modified":"2023-12-10T23:29:12","modified_gmt":"2023-12-10T21:29:12","slug":"sightseeing","status":"publish","type":"page","link":"https:\/\/paroshouse.com\/es\/sightseeing\/","title":{"rendered":"Echar un vistazo"},"content":{"rendered":"<p>[et_pb_section fb_built=\u00bb1&#8243; _builder_version=\u00bb4.23.1&#8243; _module_preset=\u00bbdefault\u00bb background_enable_color=\u00bboff\u00bb background_enable_image=\u00bboff\u00bb background_blend=\u00bbsoft-light\u00bb background_video_mp4=\u00bbhttps:\/\/dool.s3.eu-west-1.amazonaws.com\/3.mp4&#8243; background_video_width=\u00bb100%\u00bb min_height=\u00bb60vh\u00bb custom_margin=\u00bb10vw|11vw||11vw|false|true\u00bb hover_enabled=\u00bb0&#8243; da_disable_devices=\u00bboff|off|off\u00bb global_colors_info=\u00bb{}\u00bb custom_margin_last_edited=\u00bbon|phone\u00bb custom_margin_phone=\u00bb35vw|6vw||6vw|false|true\u00bb sticky_enabled=\u00bb0&#8243; da_is_popup=\u00bboff\u00bb da_exit_intent=\u00bboff\u00bb da_has_close=\u00bbon\u00bb da_alt_close=\u00bboff\u00bb da_dark_close=\u00bboff\u00bb da_not_modal=\u00bbon\u00bb da_is_singular=\u00bboff\u00bb da_with_loader=\u00bboff\u00bb da_has_shadow=\u00bbon\u00bb custom_margin_tablet=\u00bb10vw|11vw||11vw|false|true\u00bb][et_pb_row column_structure=\u00bb1_2,1_2&#8243; _builder_version=\u00bb4.17.4&#8243; _module_preset=\u00bbdefault\u00bb width=\u00bb90%\u00bb max_width=\u00bb100%\u00bb custom_padding=\u00bb10vh||||false|false\u00bb global_colors_info=\u00bb{}\u00bb][et_pb_column type=\u00bb1_2&#8243; _builder_version=\u00bb4.17.4&#8243; _module_preset=\u00bbdefault\u00bb global_colors_info=\u00bb{}\u00bb][et_pb_text _builder_version=\u00bb4.23.1&#8243; _module_preset=\u00bbdefault\u00bb header_font=\u00bbPoppins|300|||||||\u00bb header_text_color=\u00bb#00203D\u00bb header_font_size=\u00bb60px\u00bb header_2_font=\u00bbPoppins|||on|||||\u00bb header_2_text_color=\u00bb#00203D\u00bb header_2_font_size=\u00bb30px\u00bb background_color=\u00bb#FFFFFF\u00bb width=\u00bb100%\u00bb width_tablet=\u00bb69%\u00bb width_phone=\u00bb100%\u00bb width_last_edited=\u00bbon|desktop\u00bb custom_padding=\u00bb30px||30px|30px|true|false\u00bb hover_enabled=\u00bb0&#8243; header_font_size_tablet=\u00bb60px\u00bb header_font_size_phone=\u00bb34px\u00bb header_font_size_last_edited=\u00bbon|phone\u00bb global_colors_info=\u00bb{}\u00bb sticky_enabled=\u00bb0&#8243;]<\/p>\n<h2>Descubre Paros<\/h2>\n<h1><strong>Seightseeing<\/strong><\/h1>\n<p>[\/et_pb_text][\/et_pb_column][et_pb_column type=\u00bb1_2&#8243; _builder_version=\u00bb4.17.4&#8243; _module_preset=\u00bbdefault\u00bb global_colors_info=\u00bb{}\u00bb][\/et_pb_column][\/et_pb_row][\/et_pb_section][et_pb_section fb_built=\u00bb1&#8243; _builder_version=\u00bb4.17.4&#8243; _module_preset=\u00bbdefault\u00bb min_height=\u00bb70vh\u00bb da_disable_devices=\u00bboff|off|off\u00bb global_colors_info=\u00bb{}\u00bb da_is_popup=\u00bboff\u00bb da_exit_intent=\u00bboff\u00bb da_has_close=\u00bbon\u00bb da_alt_close=\u00bboff\u00bb da_dark_close=\u00bboff\u00bb da_not_modal=\u00bbon\u00bb da_is_singular=\u00bboff\u00bb da_with_loader=\u00bboff\u00bb da_has_shadow=\u00bbon\u00bb][et_pb_row _builder_version=\u00bb4.17.4&#8243; _module_preset=\u00bbdefault\u00bb global_colors_info=\u00bb{}\u00bb][et_pb_column type=\u00bb4_4&#8243; _builder_version=\u00bb4.17.4&#8243; _module_preset=\u00bbdefault\u00bb global_colors_info=\u00bb{}\u00bb][et_pb_text _builder_version=\u00bb4.17.4&#8243; _module_preset=\u00bbdefault\u00bb text_font=\u00bbPoppins|300|||||||\u00bb text_font_size=\u00bb25px\u00bb text_line_height=\u00bb1.4em\u00bb header_font=\u00bbPoppins|600|||||||\u00bb header_font_size=\u00bb50px\u00bb global_colors_info=\u00bb{}\u00bb]<\/p>\n<h1>Disfruta Paros<\/h1>\n<p>&nbsp;<\/p>\n<p>Pasee por hermosos pueblos tradicionales como Naoussa, un pueblo colorido, donde las ruinas de una fortaleza veneciana se alzan a la entrada de su peque\u00f1o puerto.<\/p>\n<p>[\/et_pb_text][\/et_pb_column][\/et_pb_row][et_pb_row _builder_version=\u00bb4.17.4&#8243; _module_preset=\u00bbdefault\u00bb global_colors_info=\u00bb{}\u00bb][et_pb_column type=\u00bb4_4&#8243; _builder_version=\u00bb4.17.4&#8243; _module_preset=\u00bbdefault\u00bb global_colors_info=\u00bb{}\u00bb][et_pb_gallery gallery_ids=\u00bb1150,1151,1152,1153,1155,1156,1157,1158&#8243; gallery_orderby=\u00bbrand\u00bb fullwidth=\u00bbon\u00bb _builder_version=\u00bb4.20.0&#8243; _module_preset=\u00bbdefault\u00bb auto=\u00bbon\u00bb auto_speed=\u00bb3000&#8243; border_radii=\u00bbon|8px|8px|8px|8px\u00bb global_colors_info=\u00bb{}\u00bb][\/et_pb_gallery][\/et_pb_column][\/et_pb_row][et_pb_row column_structure=\u00bb1_2,1_4,1_4&#8243; _builder_version=\u00bb4.17.4&#8243; _module_preset=\u00bbdefault\u00bb custom_padding=\u00bb65px||65px||true|\u00bb global_colors_info=\u00bb{}\u00bb][et_pb_column type=\u00bb1_2&#8243; _builder_version=\u00bb4.17.4&#8243; _module_preset=\u00bbdefault\u00bb global_colors_info=\u00bb{}\u00bb][et_pb_video src=\u00bbhttps:\/\/doolfiles.s3-eu-west-2.amazonaws.com\/20220905_125149.mp4&#8243; _builder_version=\u00bb4.20.0&#8243; _module_preset=\u00bbdefault\u00bb global_colors_info=\u00bb{}\u00bb][\/et_pb_video][\/et_pb_column][et_pb_column type=\u00bb1_4&#8243; _builder_version=\u00bb4.17.4&#8243; _module_preset=\u00bbdefault\u00bb global_colors_info=\u00bb{}\u00bb][et_pb_text _builder_version=\u00bb4.17.4&#8243; _module_preset=\u00bbdefault\u00bb text_font=\u00bbPoppins|300|||||||\u00bb global_colors_info=\u00bb{}\u00bb]<\/p>\n<p><span>El Museo Arqueol\u00f3gico exhibe exhibiciones de los monumentos de la isla (como el Santuario de Asklipios y Pythios Apollonas, Delion, etc.), incluida parte de la \u00abCr\u00f3nica de Parian\u00bb, una tabla cronol\u00f3gica del siglo III a. C. con referencias a eventos importantes y personalidades de antig\u00fcedad.<\/span><\/p>\n<p>&nbsp;<\/p>\n<p>[\/et_pb_text][\/et_pb_column][et_pb_column type=\u00bb1_4&#8243; _builder_version=\u00bb4.17.4&#8243; _module_preset=\u00bbdefault\u00bb global_colors_info=\u00bb{}\u00bb][et_pb_text _builder_version=\u00bb4.17.4&#8243; _module_preset=\u00bbdefault\u00bb text_font=\u00bbPoppins|300|||||||\u00bb global_colors_info=\u00bb{}\u00bb]<\/p>\n<p><span>Las canteras de m\u00e1rmol de Marathi, donde sol\u00eda extraerse el famoso m\u00e1rmol de Parian, estuvieron en funcionamiento desde el tercer milenio antes de Cristo hasta el siglo XIX. \u00a1A\u00fan se conservan y pueden visitarse las galer\u00edas mineras junto con restos de naves industriales del siglo XIX!<\/span><\/p>\n<p>[\/et_pb_text][\/et_pb_column][\/et_pb_row][et_pb_row column_structure=\u00bb1_2,1_2&#8243; _builder_version=\u00bb4.17.4&#8243; _module_preset=\u00bbdefault\u00bb global_colors_info=\u00bb{}\u00bb][et_pb_column type=\u00bb1_2&#8243; _builder_version=\u00bb4.17.4&#8243; _module_preset=\u00bbdefault\u00bb global_colors_info=\u00bb{}\u00bb][et_pb_text _builder_version=\u00bb4.17.4&#8243; _module_preset=\u00bbdefault\u00bb text_font=\u00bbPoppins|300|||||||\u00bb global_colors_info=\u00bb{}\u00bb]<\/p>\n<p><span>Lefkes se encuentra en el punto m\u00e1s alto de Paros y disfruta de impresionantes vistas de la isla. El pueblo est\u00e1 situado en las monta\u00f1as y est\u00e1 rodeado por un rico paisaje verde. Tiene edificios cicl\u00e1dicos y neocl\u00e1sicos muy bien conservados, hermosas plazas y callejones estrechos de m\u00e1rmol. El Museo de la Cultura Popular del Egeo en Lefkes ofrece un recorrido por la cultura del archipi\u00e9lago; descubre el mundo egeo a trav\u00e9s de sus exposiciones, que incluyen piezas relacionadas con la arquitectura, los oficios tradicionales y la geolog\u00eda de las islas.<\/span><\/p>\n<p><span>Marpissa, fundada en el siglo XV, es un pueblo tradicional con un car\u00e1cter medieval distintivo. Se encuentra en una colina, a pocos kil\u00f3metros de las famosas playas de Logaras y Piso Livadi. Tambi\u00e9n puedes visitar el impresionante Monasterio de Agios Antonios (siglo XVII) en la colina de Kefalos, donde se alzan las ruinas de un castillo veneciano del siglo XV, y disfrutar de una maravillosa vista al mar. Petaloudes es un \u00e1rea de impresionante belleza cerca del pueblo de Psychopiana. El h\u00e1bitat es rico en vegetaci\u00f3n y agua corriente, con altos pl\u00e1tanos, laureles, acebuches y algarrobos cubiertos de hiedra que albergan a la especie de mariposa Panaxia quadripunctaria.<\/span><\/p>\n<p>[\/et_pb_text][\/et_pb_column][et_pb_column type=\u00bb1_2&#8243; _builder_version=\u00bb4.17.4&#8243; _module_preset=\u00bbdefault\u00bb global_colors_info=\u00bb{}\u00bb][et_pb_video src=\u00bbhttps:\/\/doolfiles.s3-eu-west-2.amazonaws.com\/20220806_224751.mp4&#8243; _builder_version=\u00bb4.20.0&#8243; _module_preset=\u00bbdefault\u00bb global_colors_info=\u00bb{}\u00bb][\/et_pb_video][\/et_pb_column][\/et_pb_row][et_pb_row _builder_version=\u00bb4.17.4&#8243; _module_preset=\u00bbdefault\u00bb global_colors_info=\u00bb{}\u00bb][et_pb_column type=\u00bb4_4&#8243; _builder_version=\u00bb4.17.4&#8243; _module_preset=\u00bbdefault\u00bb global_colors_info=\u00bb{}\u00bb][et_pb_image src=\u00bbhttps:\/\/paroshouse.com\/wp-content\/uploads\/2022\/12\/134-DSC_5208-scaled.jpg\u00bb title_text=\u00bb134-DSC_5208&#8243; _builder_version=\u00bb4.18.0&#8243; _module_preset=\u00bbdefault\u00bb global_colors_info=\u00bb{}\u00bb][\/et_pb_image][\/et_pb_column][\/et_pb_row][\/et_pb_section][et_pb_section fb_built=\u00bb1&#8243; _builder_version=\u00bb4.17.4&#8243; _module_preset=\u00bbdefault\u00bb background_video_mp4=\u00bbhttps:\/\/dool.s3.eu-west-1.amazonaws.com\/2.mp4&#8243; background_video_width=\u00bb100%\u00bb min_height=\u00bb60vh\u00bb da_disable_devices=\u00bboff|off|off\u00bb global_colors_info=\u00bb{}\u00bb da_is_popup=\u00bboff\u00bb da_exit_intent=\u00bboff\u00bb da_has_close=\u00bbon\u00bb da_alt_close=\u00bboff\u00bb da_dark_close=\u00bboff\u00bb da_not_modal=\u00bbon\u00bb da_is_singular=\u00bboff\u00bb da_with_loader=\u00bboff\u00bb da_has_shadow=\u00bbon\u00bb][et_pb_row _builder_version=\u00bb4.17.4&#8243; _module_preset=\u00bbdefault\u00bb global_colors_info=\u00bb{}\u00bb][et_pb_column type=\u00bb4_4&#8243; _builder_version=\u00bb4.17.4&#8243; _module_preset=\u00bbdefault\u00bb global_colors_info=\u00bb{}\u00bb][et_pb_text _builder_version=\u00bb4.17.4&#8243; _module_preset=\u00bbdefault\u00bb text_font=\u00bbPoppins||||||||\u00bb text_font_size=\u00bb16px\u00bb header_font=\u00bb||||||||\u00bb header_font_size=\u00bb39px\u00bb text_orientation=\u00bbcenter\u00bb background_layout=\u00bbdark\u00bb custom_padding=\u00bb20vh||||false|false\u00bb global_colors_info=\u00bb{}\u00bb]<\/p>\n<h1>Vive este verano en Paros<\/h1>\n<p>Comparte momentos inolvidables con tu familia y amigos<\/p>\n<p>[\/et_pb_text][\/et_pb_column][\/et_pb_row][\/et_pb_section][et_pb_section fb_built=\u00bb1&#8243; _builder_version=\u00bb4.17.4&#8243; _module_preset=\u00bbdefault\u00bb da_disable_devices=\u00bboff|off|off\u00bb global_colors_info=\u00bb{}\u00bb da_is_popup=\u00bboff\u00bb da_exit_intent=\u00bboff\u00bb da_has_close=\u00bbon\u00bb da_alt_close=\u00bboff\u00bb da_dark_close=\u00bboff\u00bb da_not_modal=\u00bbon\u00bb da_is_singular=\u00bboff\u00bb da_with_loader=\u00bboff\u00bb da_has_shadow=\u00bbon\u00bb][et_pb_row column_structure=\u00bb1_4,1_4,1_2&#8243; make_equal=\u00bbon\u00bb _builder_version=\u00bb4.18.0&#8243; _module_preset=\u00bbdefault\u00bb global_colors_info=\u00bb{}\u00bb][et_pb_column type=\u00bb1_4&#8243; _builder_version=\u00bb4.17.4&#8243; _module_preset=\u00bbdefault\u00bb global_colors_info=\u00bb{}\u00bb][et_pb_text _builder_version=\u00bb4.18.0&#8243; _module_preset=\u00bbdefault\u00bb text_font=\u00bbPoppins|300|||||||\u00bb header_font=\u00bbPoppins||||||||\u00bb header_text_color=\u00bb#00203D\u00bb header_font_size=\u00bb35px\u00bb header_line_height=\u00bb1.2em\u00bb global_colors_info=\u00bb{}\u00bb]<\/p>\n<h1><span>Playa Dorada<\/span><\/h1>\n<p><span><\/span><\/p>\n<p>Playa de 700 metros de largo en la parte sureste de la isla de Paros, Grecia. Toma su nombre de la arena fina, que tiene elementos de vidrio y proporciona un efecto brillante durante el sol.<\/p>\n<p>&nbsp;<\/p>\n<p>[\/et_pb_text][\/et_pb_column][et_pb_column type=\u00bb1_4&#8243; _builder_version=\u00bb4.17.4&#8243; _module_preset=\u00bbdefault\u00bb global_colors_info=\u00bb{}\u00bb][et_pb_text _builder_version=\u00bb4.18.0&#8243; _module_preset=\u00bbdefault\u00bb text_font=\u00bbPoppins|300|||||||\u00bb header_font=\u00bbPoppins||||||||\u00bb z_index=\u00bb295&#8243; global_colors_info=\u00bb{}\u00bb]<\/p>\n<p>se ha convertido en un destino popular para los windsurfistas y kitesurfistas de todo el mundo debido a las condiciones ventosas dentro y fuera de la peque\u00f1a bah\u00eda. La playa ha sido galardonada con la bandera azul, al igual que muchas otras playas griegas. Al otro lado de la playa se encuentra la peque\u00f1a isla deshabitada de Drionisi, a la que solo se puede llegar en barco.<\/p>\n<p>&nbsp;<\/p>\n<p>[\/et_pb_text][\/et_pb_column][et_pb_column type=\u00bb1_2&#8243; disabled_on=\u00bbon|on|off\u00bb _builder_version=\u00bb4.18.0&#8243; _module_preset=\u00bbdefault\u00bb background_image=\u00bbhttps:\/\/paroshouse.com\/wp-content\/uploads\/2022\/07\/IMG_4275-scaled-1.jpg\u00bb background_enable_mask_style=\u00bbon\u00bb background_mask_style=\u00bbpaint\u00bb background_mask_aspect_ratio=\u00bbportrait\u00bb transform_scale=\u00bb148%|148%\u00bb vertical_offset=\u00bb15px\u00bb horizontal_offset=\u00bb-137px\u00bb z_index=\u00bb0&#8243; global_colors_info=\u00bb{}\u00bb][\/et_pb_column][\/et_pb_row][\/et_pb_section][et_pb_section fb_built=\u00bb1&#8243; _builder_version=\u00bb4.18.0&#8243; _module_preset=\u00bbdefault\u00bb background_color=\u00bb#FFFFFF\u00bb background_enable_pattern_style=\u00bbon\u00bb background_pattern_style=\u00bbsquares\u00bb background_pattern_color=\u00bbrgba(0,0,0,0.04)\u00bb top_divider_height=\u00bb30px\u00bb da_disable_devices=\u00bboff|off|off\u00bb global_colors_info=\u00bb{}\u00bb da_is_popup=\u00bboff\u00bb da_exit_intent=\u00bboff\u00bb da_has_close=\u00bbon\u00bb da_alt_close=\u00bboff\u00bb da_dark_close=\u00bboff\u00bb da_not_modal=\u00bbon\u00bb da_is_singular=\u00bboff\u00bb da_with_loader=\u00bboff\u00bb da_has_shadow=\u00bbon\u00bb][et_pb_row _builder_version=\u00bb4.17.4&#8243; _module_preset=\u00bbdefault\u00bb global_colors_info=\u00bb{}\u00bb][et_pb_column type=\u00bb4_4&#8243; _builder_version=\u00bb4.17.4&#8243; _module_preset=\u00bbdefault\u00bb global_colors_info=\u00bb{}\u00bb][et_pb_text _builder_version=\u00bb4.18.0&#8243; _module_preset=\u00bbdefault\u00bb text_font=\u00bbPoppins|300|||||||\u00bb text_text_color=\u00bb#00203D\u00bb text_font_size=\u00bb19px\u00bb header_font=\u00bbPoppins|600|||||||\u00bb header_text_align=\u00bbcenter\u00bb header_text_color=\u00bb#00203D\u00bb header_font_size=\u00bb39px\u00bb text_orientation=\u00bbcenter\u00bb global_colors_info=\u00bb{}\u00bb]<\/p>\n<h1>Disfruta de Paros en nuestra villa moderna<\/h1>\n<p>Privacidad absoluta con vista al mar, f\u00e1cil acceso y amplias estancias.<\/p>\n<p>[\/et_pb_text][et_pb_button button_url=\u00bbhttps:\/\/paroshouse.com\/book-now\/\u00bb button_text=\u00bbConsulta ahora la disponibilidad\u00bb button_alignment=\u00bbcenter\u00bb _builder_version=\u00bb4.23.1&#8243; _module_preset=\u00bbdefault\u00bb custom_button=\u00bbon\u00bb button_text_color=\u00bb#FFFFFF\u00bb button_bg_color=\u00bb#6B9AC3&#8243; button_border_color=\u00bb#6B9AC3&#8243; button_border_radius=\u00bb100px\u00bb button_font=\u00bb|||on|||||\u00bb global_colors_info=\u00bb{}\u00bb][\/et_pb_button][\/et_pb_column][\/et_pb_row][\/et_pb_section]<\/p>\n","protected":false},"excerpt":{"rendered":"<p>Descubre Paros SeightseeingDisfruta Paros &nbsp; Pasee por hermosos pueblos tradicionales como Naoussa, un pueblo colorido, donde las ruinas de una fortaleza veneciana se alzan a la entrada de su peque\u00f1o puerto.El Museo Arqueol\u00f3gico exhibe exhibiciones de los monumentos de la isla (como el Santuario de Asklipios y Pythios Apollonas, Delion, etc.), incluida parte de la [&hellip;]<\/p>\n","protected":false},"author":1,"featured_media":0,"parent":0,"menu_order":0,"comment_status":"closed","ping_status":"closed","template":"","meta":{"_et_pb_use_builder":"on","_et_pb_old_content":"","_et_gb_content_width":"","footnotes":""},"class_list":["post-401","page","type-page","status-publish","hentry"],"_links":{"self":[{"href":"https:\/\/paroshouse.com\/es\/wp-json\/wp\/v2\/pages\/401","targetHints":{"allow":["GET"]}}],"collection":[{"href":"https:\/\/paroshouse.com\/es\/wp-json\/wp\/v2\/pages"}],"about":[{"href":"https:\/\/paroshouse.com\/es\/wp-json\/wp\/v2\/types\/page"}],"author":[{"embeddable":true,"href":"https:\/\/paroshouse.com\/es\/wp-json\/wp\/v2\/users\/1"}],"replies":[{"embeddable":true,"href":"https:\/\/paroshouse.com\/es\/wp-json\/wp\/v2\/comments?post=401"}],"version-history":[{"count":7,"href":"https:\/\/paroshouse.com\/es\/wp-json\/wp\/v2\/pages\/401\/revisions"}],"predecessor-version":[{"id":1340,"href":"https:\/\/paroshouse.com\/es\/wp-json\/wp\/v2\/pages\/401\/revisions\/1340"}],"wp:attachment":[{"href":"https:\/\/paroshouse.com\/es\/wp-json\/wp\/v2\/media?parent=401"}],"curies":[{"name":"wp","href":"https:\/\/api.w.org\/{rel}","templated":true}]}}