{"id":399,"date":"2022-07-17T15:53:14","date_gmt":"2022-07-17T12:53:14","guid":{"rendered":"https:\/\/ph.demosite.dool.agency\/sightseeing\/"},"modified":"2023-12-10T23:29:12","modified_gmt":"2023-12-10T21:29:12","slug":"sightseeing","status":"publish","type":"page","link":"https:\/\/paroshouse.com\/it\/sightseeing\/","title":{"rendered":"Giro turistico"},"content":{"rendered":"<p>[et_pb_section fb_built=&#8221;1&#8243; _builder_version=&#8221;4.23.1&#8243; _module_preset=&#8221;default&#8221; background_enable_color=&#8221;off&#8221; background_enable_image=&#8221;off&#8221; background_blend=&#8221;soft-light&#8221; background_video_mp4=&#8221;https:\/\/dool.s3.eu-west-1.amazonaws.com\/3.mp4&#8243; background_video_width=&#8221;100%&#8221; min_height=&#8221;60vh&#8221; custom_margin=&#8221;10vw|11vw||11vw|false|true&#8221; hover_enabled=&#8221;0&#8243; da_disable_devices=&#8221;off|off|off&#8221; global_colors_info=&#8221;{}&#8221; custom_margin_last_edited=&#8221;on|phone&#8221; custom_margin_phone=&#8221;35vw|6vw||6vw|false|true&#8221; sticky_enabled=&#8221;0&#8243; da_is_popup=&#8221;off&#8221; da_exit_intent=&#8221;off&#8221; da_has_close=&#8221;on&#8221; da_alt_close=&#8221;off&#8221; da_dark_close=&#8221;off&#8221; da_not_modal=&#8221;on&#8221; da_is_singular=&#8221;off&#8221; da_with_loader=&#8221;off&#8221; da_has_shadow=&#8221;on&#8221; custom_margin_tablet=&#8221;10vw|11vw||11vw|false|true&#8221;][et_pb_row column_structure=&#8221;1_2,1_2&#8243; _builder_version=&#8221;4.17.4&#8243; _module_preset=&#8221;default&#8221; width=&#8221;90%&#8221; max_width=&#8221;100%&#8221; custom_padding=&#8221;10vh||||false|false&#8221; global_colors_info=&#8221;{}&#8221;][et_pb_column type=&#8221;1_2&#8243; _builder_version=&#8221;4.17.4&#8243; _module_preset=&#8221;default&#8221; global_colors_info=&#8221;{}&#8221;][et_pb_text _builder_version=&#8221;4.23.1&#8243; _module_preset=&#8221;default&#8221; header_font=&#8221;Poppins|300|||||||&#8221; header_text_color=&#8221;#00203D&#8221; header_font_size=&#8221;60px&#8221; header_2_font=&#8221;Poppins|||on|||||&#8221; header_2_text_color=&#8221;#00203D&#8221; header_2_font_size=&#8221;30px&#8221; background_color=&#8221;#FFFFFF&#8221; width=&#8221;100%&#8221; width_tablet=&#8221;69%&#8221; width_phone=&#8221;100%&#8221; width_last_edited=&#8221;on|desktop&#8221; custom_padding=&#8221;30px||30px|30px|true|false&#8221; hover_enabled=&#8221;0&#8243; header_font_size_tablet=&#8221;60px&#8221; header_font_size_phone=&#8221;34px&#8221; header_font_size_last_edited=&#8221;on|phone&#8221; global_colors_info=&#8221;{}&#8221; sticky_enabled=&#8221;0&#8243;]<\/p>\n<h2>Incontra Paro<\/h2>\n<h1><strong>Seightseeing<\/strong><\/h1>\n<p>[\/et_pb_text][\/et_pb_column][et_pb_column type=&#8221;1_2&#8243; _builder_version=&#8221;4.17.4&#8243; _module_preset=&#8221;default&#8221; global_colors_info=&#8221;{}&#8221;][\/et_pb_column][\/et_pb_row][\/et_pb_section][et_pb_section fb_built=&#8221;1&#8243; _builder_version=&#8221;4.17.4&#8243; _module_preset=&#8221;default&#8221; min_height=&#8221;70vh&#8221; da_disable_devices=&#8221;off|off|off&#8221; global_colors_info=&#8221;{}&#8221; da_is_popup=&#8221;off&#8221; da_exit_intent=&#8221;off&#8221; da_has_close=&#8221;on&#8221; da_alt_close=&#8221;off&#8221; da_dark_close=&#8221;off&#8221; da_not_modal=&#8221;on&#8221; da_is_singular=&#8221;off&#8221; da_with_loader=&#8221;off&#8221; da_has_shadow=&#8221;on&#8221;][et_pb_row _builder_version=&#8221;4.17.4&#8243; _module_preset=&#8221;default&#8221; global_colors_info=&#8221;{}&#8221;][et_pb_column type=&#8221;4_4&#8243; _builder_version=&#8221;4.17.4&#8243; _module_preset=&#8221;default&#8221; global_colors_info=&#8221;{}&#8221;][et_pb_text _builder_version=&#8221;4.17.4&#8243; _module_preset=&#8221;default&#8221; text_font=&#8221;Poppins|300|||||||&#8221; text_font_size=&#8221;25px&#8221; text_line_height=&#8221;1.4em&#8221; header_font=&#8221;Poppins|600|||||||&#8221; header_font_size=&#8221;50px&#8221; global_colors_info=&#8221;{}&#8221;]<\/p>\n<h1>Goditi Paro<\/h1>\n<p>&nbsp;<\/p>\n<p>Passeggia attraverso splendidi villaggi tradizionali come Naoussa, un villaggio colorato, dove le rovine di una fortezza veneziana si ergono all&#8217;ingresso del suo piccolo porto.<\/p>\n<p>[\/et_pb_text][\/et_pb_column][\/et_pb_row][et_pb_row _builder_version=&#8221;4.17.4&#8243; _module_preset=&#8221;default&#8221; global_colors_info=&#8221;{}&#8221;][et_pb_column type=&#8221;4_4&#8243; _builder_version=&#8221;4.17.4&#8243; _module_preset=&#8221;default&#8221; global_colors_info=&#8221;{}&#8221;][et_pb_gallery gallery_ids=&#8221;1150,1151,1152,1153,1155,1156,1157,1158&#8243; gallery_orderby=&#8221;rand&#8221; fullwidth=&#8221;on&#8221; _builder_version=&#8221;4.20.0&#8243; _module_preset=&#8221;default&#8221; auto=&#8221;on&#8221; auto_speed=&#8221;3000&#8243; border_radii=&#8221;on|8px|8px|8px|8px&#8221; global_colors_info=&#8221;{}&#8221;][\/et_pb_gallery][\/et_pb_column][\/et_pb_row][et_pb_row column_structure=&#8221;1_2,1_4,1_4&#8243; _builder_version=&#8221;4.17.4&#8243; _module_preset=&#8221;default&#8221; custom_padding=&#8221;65px||65px||true|&#8221; global_colors_info=&#8221;{}&#8221;][et_pb_column type=&#8221;1_2&#8243; _builder_version=&#8221;4.17.4&#8243; _module_preset=&#8221;default&#8221; global_colors_info=&#8221;{}&#8221;][et_pb_video src=&#8221;https:\/\/doolfiles.s3-eu-west-2.amazonaws.com\/20220905_125149.mp4&#8243; _builder_version=&#8221;4.20.0&#8243; _module_preset=&#8221;default&#8221; global_colors_info=&#8221;{}&#8221;][\/et_pb_video][\/et_pb_column][et_pb_column type=&#8221;1_4&#8243; _builder_version=&#8221;4.17.4&#8243; _module_preset=&#8221;default&#8221; global_colors_info=&#8221;{}&#8221;][et_pb_text _builder_version=&#8221;4.17.4&#8243; _module_preset=&#8221;default&#8221; text_font=&#8221;Poppins|300|||||||&#8221; global_colors_info=&#8221;{}&#8221;]<\/p>\n<p><span>Il Museo Archeologico espone reperti provenienti dai monumenti dell&#8217;isola (come il Santuario di Asklipios e Pythios Apollonas, Delion ecc.), tra cui parte della &#8220;Cronaca Parian&#8221;, una tavola cronologica del III secolo a.C. con riferimenti ad eventi importanti e personaggi di antichit\u00e0.<\/span><\/p>\n<p>&nbsp;<\/p>\n<p>[\/et_pb_text][\/et_pb_column][et_pb_column type=&#8221;1_4&#8243; _builder_version=&#8221;4.17.4&#8243; _module_preset=&#8221;default&#8221; global_colors_info=&#8221;{}&#8221;][et_pb_text _builder_version=&#8221;4.17.4&#8243; _module_preset=&#8221;default&#8221; text_font=&#8221;Poppins|300|||||||&#8221; global_colors_info=&#8221;{}&#8221;]<\/p>\n<p><span>Le cave di marmo di Marathi, dove si estraeva il famoso marmo pario, sono state in funzione dal 3\u00b0 millennio aC fino al 19\u00b0 secolo. Le gallerie minerarie insieme ai resti di edifici industriali del XIX secolo sono ancora conservate e possono essere visitate!<\/span><\/p>\n<p>[\/et_pb_text][\/et_pb_column][\/et_pb_row][et_pb_row column_structure=&#8221;1_2,1_2&#8243; _builder_version=&#8221;4.17.4&#8243; _module_preset=&#8221;default&#8221; global_colors_info=&#8221;{}&#8221;][et_pb_column type=&#8221;1_2&#8243; _builder_version=&#8221;4.17.4&#8243; _module_preset=&#8221;default&#8221; global_colors_info=&#8221;{}&#8221;][et_pb_text _builder_version=&#8221;4.17.4&#8243; _module_preset=&#8221;default&#8221; text_font=&#8221;Poppins|300|||||||&#8221; global_colors_info=&#8221;{}&#8221;]<\/p>\n<p><span>Lefkes si trova nel punto pi\u00f9 alto di Paros e gode di una vista mozzafiato sull&#8217;isola. Il paese \u00e8 adagiato in montagna ed \u00e8 immerso in un paesaggio ricco di verde. Ha edifici cicladici e neoclassici molto ben conservati, belle piazze e stretti vicoli di marmo. Il Museo della cultura popolare dell&#8217;Egeo a Lefkes offre un tour della cultura dell&#8217;Arcipelago; scopri il mondo dell&#8217;Egeo attraverso le sue mostre, che includono pezzi legati all&#8217;architettura, ai mestieri tradizionali e alla geologia delle isole.<\/span><\/p>\n<p><span>Marpissa, fondata nel XV secolo, \u00e8 un borgo tradizionale dal caratteristico carattere medievale. Si trova su una collina, a pochi chilometri dalle famose spiagge di Logaras e Piso Livadi. Puoi anche visitare l&#8217;imponente Monastero di Agios Antonios (XVII secolo) sulla collina di Kefalos, dove si ergono le rovine di un castello veneziano del XV secolo, e godere di una splendida vista sul mare. Petaloudes \u00e8 un&#8217;area di straordinaria bellezza vicino al villaggio di Psychopiana. L&#8217;habitat \u00e8 ricco di vegetazione e acqua corrente, con alti platani, allori, olivi selvatici e carrubi ricoperti di edera che ospitano la specie di farfalle Panaxia quadripunctaria.<\/span><\/p>\n<p>[\/et_pb_text][\/et_pb_column][et_pb_column type=&#8221;1_2&#8243; _builder_version=&#8221;4.17.4&#8243; _module_preset=&#8221;default&#8221; global_colors_info=&#8221;{}&#8221;][et_pb_video src=&#8221;https:\/\/doolfiles.s3-eu-west-2.amazonaws.com\/20220806_224751.mp4&#8243; _builder_version=&#8221;4.20.0&#8243; _module_preset=&#8221;default&#8221; global_colors_info=&#8221;{}&#8221;][\/et_pb_video][\/et_pb_column][\/et_pb_row][et_pb_row _builder_version=&#8221;4.17.4&#8243; _module_preset=&#8221;default&#8221; global_colors_info=&#8221;{}&#8221;][et_pb_column type=&#8221;4_4&#8243; _builder_version=&#8221;4.17.4&#8243; _module_preset=&#8221;default&#8221; global_colors_info=&#8221;{}&#8221;][et_pb_image src=&#8221;https:\/\/paroshouse.com\/wp-content\/uploads\/2022\/12\/134-DSC_5208-scaled.jpg&#8221; title_text=&#8221;134-DSC_5208&#8243; _builder_version=&#8221;4.18.0&#8243; _module_preset=&#8221;default&#8221; global_colors_info=&#8221;{}&#8221;][\/et_pb_image][\/et_pb_column][\/et_pb_row][\/et_pb_section][et_pb_section fb_built=&#8221;1&#8243; _builder_version=&#8221;4.17.4&#8243; _module_preset=&#8221;default&#8221; background_video_mp4=&#8221;https:\/\/dool.s3.eu-west-1.amazonaws.com\/2.mp4&#8243; background_video_width=&#8221;100%&#8221; min_height=&#8221;60vh&#8221; da_disable_devices=&#8221;off|off|off&#8221; global_colors_info=&#8221;{}&#8221; da_is_popup=&#8221;off&#8221; da_exit_intent=&#8221;off&#8221; da_has_close=&#8221;on&#8221; da_alt_close=&#8221;off&#8221; da_dark_close=&#8221;off&#8221; da_not_modal=&#8221;on&#8221; da_is_singular=&#8221;off&#8221; da_with_loader=&#8221;off&#8221; da_has_shadow=&#8221;on&#8221;][et_pb_row _builder_version=&#8221;4.17.4&#8243; _module_preset=&#8221;default&#8221; global_colors_info=&#8221;{}&#8221;][et_pb_column type=&#8221;4_4&#8243; _builder_version=&#8221;4.17.4&#8243; _module_preset=&#8221;default&#8221; global_colors_info=&#8221;{}&#8221;][et_pb_text _builder_version=&#8221;4.17.4&#8243; _module_preset=&#8221;default&#8221; text_font=&#8221;Poppins||||||||&#8221; text_font_size=&#8221;16px&#8221; header_font=&#8221;||||||||&#8221; header_font_size=&#8221;39px&#8221; text_orientation=&#8221;center&#8221; background_layout=&#8221;dark&#8221; custom_padding=&#8221;20vh||||false|false&#8221; global_colors_info=&#8221;{}&#8221;]<\/p>\n<h1>Vivi quest&#8217;estate a Paro<\/h1>\n<p>Condividi momenti indimenticabili con la tua famiglia e i tuoi amici<\/p>\n<p>[\/et_pb_text][\/et_pb_column][\/et_pb_row][\/et_pb_section][et_pb_section fb_built=&#8221;1&#8243; _builder_version=&#8221;4.17.4&#8243; _module_preset=&#8221;default&#8221; da_disable_devices=&#8221;off|off|off&#8221; global_colors_info=&#8221;{}&#8221; da_is_popup=&#8221;off&#8221; da_exit_intent=&#8221;off&#8221; da_has_close=&#8221;on&#8221; da_alt_close=&#8221;off&#8221; da_dark_close=&#8221;off&#8221; da_not_modal=&#8221;on&#8221; da_is_singular=&#8221;off&#8221; da_with_loader=&#8221;off&#8221; da_has_shadow=&#8221;on&#8221;][et_pb_row column_structure=&#8221;1_4,1_4,1_2&#8243; make_equal=&#8221;on&#8221; _builder_version=&#8221;4.18.0&#8243; _module_preset=&#8221;default&#8221; global_colors_info=&#8221;{}&#8221;][et_pb_column type=&#8221;1_4&#8243; _builder_version=&#8221;4.17.4&#8243; _module_preset=&#8221;default&#8221; global_colors_info=&#8221;{}&#8221;][et_pb_text _builder_version=&#8221;4.18.0&#8243; _module_preset=&#8221;default&#8221; text_font=&#8221;Poppins|300|||||||&#8221; header_font=&#8221;Poppins||||||||&#8221; header_text_color=&#8221;#00203D&#8221; header_font_size=&#8221;35px&#8221; header_line_height=&#8221;1.2em&#8221; global_colors_info=&#8221;{}&#8221;]<\/p>\n<h1><span>Spiaggia dorata<\/span><\/h1>\n<p><span><\/span><\/p>\n<p>Spiaggia lunga 700 metri nella parte sud-orientale dell&#8217;isola di Paro, in Grecia. Prende il nome dalla sabbia fine, che contiene elementi in vetro e fornisce un effetto scintillante durante la luce del sole.<\/p>\n<p>&nbsp;<\/p>\n<p>[\/et_pb_text][\/et_pb_column][et_pb_column type=&#8221;1_4&#8243; _builder_version=&#8221;4.17.4&#8243; _module_preset=&#8221;default&#8221; global_colors_info=&#8221;{}&#8221;][et_pb_text _builder_version=&#8221;4.18.0&#8243; _module_preset=&#8221;default&#8221; text_font=&#8221;Poppins|300|||||||&#8221; header_font=&#8221;Poppins||||||||&#8221; z_index=&#8221;295&#8243; global_colors_info=&#8221;{}&#8221;]<\/p>\n<p>\u00e8 diventata una destinazione popolare per i windsurfisti e kitesurfisti di tutto il mondo a causa delle condizioni ventose all&#8217;interno e all&#8217;esterno della piccola baia. La spiaggia \u00e8 stata insignita della bandiera blu, cos\u00ec come molte altre spiagge greche. Dall&#8217;altra parte della spiaggia si trova l&#8217;isolotto disabitato di Drionisi, raggiungibile solo in barca.<\/p>\n<p>&nbsp;<\/p>\n<p>[\/et_pb_text][\/et_pb_column][et_pb_column type=&#8221;1_2&#8243; disabled_on=&#8221;on|on|off&#8221; _builder_version=&#8221;4.18.0&#8243; _module_preset=&#8221;default&#8221; background_image=&#8221;https:\/\/paroshouse.com\/wp-content\/uploads\/2022\/07\/IMG_4275-scaled-1.jpg&#8221; background_enable_mask_style=&#8221;on&#8221; background_mask_style=&#8221;paint&#8221; background_mask_aspect_ratio=&#8221;portrait&#8221; transform_scale=&#8221;148%|148%&#8221; vertical_offset=&#8221;15px&#8221; horizontal_offset=&#8221;-137px&#8221; z_index=&#8221;0&#8243; global_colors_info=&#8221;{}&#8221;][\/et_pb_column][\/et_pb_row][\/et_pb_section][et_pb_section fb_built=&#8221;1&#8243; _builder_version=&#8221;4.18.0&#8243; _module_preset=&#8221;default&#8221; background_color=&#8221;#FFFFFF&#8221; background_enable_pattern_style=&#8221;on&#8221; background_pattern_style=&#8221;squares&#8221; background_pattern_color=&#8221;rgba(0,0,0,0.04)&#8221; top_divider_height=&#8221;30px&#8221; da_disable_devices=&#8221;off|off|off&#8221; global_colors_info=&#8221;{}&#8221; da_is_popup=&#8221;off&#8221; da_exit_intent=&#8221;off&#8221; da_has_close=&#8221;on&#8221; da_alt_close=&#8221;off&#8221; da_dark_close=&#8221;off&#8221; da_not_modal=&#8221;on&#8221; da_is_singular=&#8221;off&#8221; da_with_loader=&#8221;off&#8221; da_has_shadow=&#8221;on&#8221;][et_pb_row _builder_version=&#8221;4.17.4&#8243; _module_preset=&#8221;default&#8221; global_colors_info=&#8221;{}&#8221;][et_pb_column type=&#8221;4_4&#8243; _builder_version=&#8221;4.17.4&#8243; _module_preset=&#8221;default&#8221; global_colors_info=&#8221;{}&#8221;][et_pb_text _builder_version=&#8221;4.18.0&#8243; _module_preset=&#8221;default&#8221; text_font=&#8221;Poppins|300|||||||&#8221; text_text_color=&#8221;#00203D&#8221; text_font_size=&#8221;19px&#8221; header_font=&#8221;Poppins|600|||||||&#8221; header_text_align=&#8221;center&#8221; header_text_color=&#8221;#00203D&#8221; header_font_size=&#8221;39px&#8221; text_orientation=&#8221;center&#8221; global_colors_info=&#8221;{}&#8221;]<\/p>\n<h1>Godetevi Paros nella nostra villa moderna<\/h1>\n<p>Privacy assoluta con vista mare, facile accesso e camere ampie.<\/p>\n<p>[\/et_pb_text][et_pb_button button_url=&#8221;https:\/\/paroshouse.com\/book-now\/&#8221; button_text=&#8221;Verifica subito la disponibilit\u00e0&#8221; button_alignment=&#8221;center&#8221; _builder_version=&#8221;4.23.1&#8243; _module_preset=&#8221;default&#8221; custom_button=&#8221;on&#8221; button_text_color=&#8221;#FFFFFF&#8221; button_bg_color=&#8221;#6B9AC3&#8243; button_border_color=&#8221;#6B9AC3&#8243; button_border_radius=&#8221;100px&#8221; button_font=&#8221;|||on|||||&#8221; global_colors_info=&#8221;{}&#8221;][\/et_pb_button][\/et_pb_column][\/et_pb_row][\/et_pb_section]<\/p>\n","protected":false},"excerpt":{"rendered":"<p>Incontra Paro SeightseeingGoditi Paro &nbsp; Passeggia attraverso splendidi villaggi tradizionali come Naoussa, un villaggio colorato, dove le rovine di una fortezza veneziana si ergono all&#8217;ingresso del suo piccolo porto.Il Museo Archeologico espone reperti provenienti dai monumenti dell&#8217;isola (come il Santuario di Asklipios e Pythios Apollonas, Delion ecc.), tra cui parte della &#8220;Cronaca Parian&#8221;, una tavola [&hellip;]<\/p>\n","protected":false},"author":1,"featured_media":0,"parent":0,"menu_order":0,"comment_status":"closed","ping_status":"closed","template":"","meta":{"_et_pb_use_builder":"on","_et_pb_old_content":"","_et_gb_content_width":"","footnotes":""},"class_list":["post-399","page","type-page","status-publish","hentry"],"_links":{"self":[{"href":"https:\/\/paroshouse.com\/it\/wp-json\/wp\/v2\/pages\/399","targetHints":{"allow":["GET"]}}],"collection":[{"href":"https:\/\/paroshouse.com\/it\/wp-json\/wp\/v2\/pages"}],"about":[{"href":"https:\/\/paroshouse.com\/it\/wp-json\/wp\/v2\/types\/page"}],"author":[{"embeddable":true,"href":"https:\/\/paroshouse.com\/it\/wp-json\/wp\/v2\/users\/1"}],"replies":[{"embeddable":true,"href":"https:\/\/paroshouse.com\/it\/wp-json\/wp\/v2\/comments?post=399"}],"version-history":[{"count":7,"href":"https:\/\/paroshouse.com\/it\/wp-json\/wp\/v2\/pages\/399\/revisions"}],"predecessor-version":[{"id":1342,"href":"https:\/\/paroshouse.com\/it\/wp-json\/wp\/v2\/pages\/399\/revisions\/1342"}],"wp:attachment":[{"href":"https:\/\/paroshouse.com\/it\/wp-json\/wp\/v2\/media?parent=399"}],"curies":[{"name":"wp","href":"https:\/\/api.w.org\/{rel}","templated":true}]}}